{"id":1217,"date":"2021-12-01T14:48:28","date_gmt":"2021-12-01T14:48:28","guid":{"rendered":"https:\/\/selvazul.com.co\/?page_id=1217"},"modified":"2024-05-16T14:24:55","modified_gmt":"2024-05-16T14:24:55","slug":"capurgana","status":"publish","type":"page","link":"https:\/\/selvazul.com.co\/index.php\/capurgana\/","title":{"rendered":"CAPURGANA"},"content":{"rendered":"\t\t<div data-elementor-type=\"wp-page\" data-elementor-id=\"1217\" class=\"elementor elementor-1217\">\n\t\t\t\t\t\t<section class=\"elementor-section elementor-top-section elementor-element elementor-element-c376cd4 elementor-section-boxed elementor-section-height-default elementor-section-height-default\" data-id=\"c376cd4\" data-element_type=\"section\" data-e-type=\"section\">\n\t\t\t\t\t\t<div class=\"elementor-container elementor-column-gap-default\">\n\t\t\t\t\t<div class=\"elementor-column elementor-col-100 elementor-top-column elementor-element elementor-element-289aa7e\" data-id=\"289aa7e\" data-element_type=\"column\" data-e-type=\"column\">\n\t\t\t<div class=\"elementor-widget-wrap elementor-element-populated\">\n\t\t\t\t\t\t<div class=\"elementor-element elementor-element-28e98d8 animated-fast elementor-invisible elementor-widget elementor-widget-heading\" data-id=\"28e98d8\" data-element_type=\"widget\" data-e-type=\"widget\" data-settings=\"{&quot;_animation&quot;:&quot;slideInUp&quot;}\" data-widget_type=\"heading.default\">\n\t\t\t\t<div class=\"elementor-widget-container\">\n\t\t\t\t\t<h3 class=\"elementor-heading-title elementor-size-default\">CAPURGAN\u00c1 TERRESTRE Y A\u00c9REO<\/h3>\t\t\t\t<\/div>\n\t\t\t\t<\/div>\n\t\t\t\t\t<\/div>\n\t\t<\/div>\n\t\t\t\t\t<\/div>\n\t\t<\/section>\n\t\t\t\t<section class=\"elementor-section elementor-top-section elementor-element elementor-element-9945fb7 elementor-section-boxed elementor-section-height-default elementor-section-height-default\" data-id=\"9945fb7\" data-element_type=\"section\" data-e-type=\"section\">\n\t\t\t\t\t\t<div class=\"elementor-container elementor-column-gap-default\">\n\t\t\t\t\t<div class=\"elementor-column elementor-col-100 elementor-top-column elementor-element elementor-element-58c6bb8\" data-id=\"58c6bb8\" data-element_type=\"column\" data-e-type=\"column\">\n\t\t\t<div class=\"elementor-widget-wrap elementor-element-populated\">\n\t\t\t\t\t\t<div class=\"elementor-element elementor-element-b7bee6e elementor-invisible elementor-widget elementor-widget-image\" data-id=\"b7bee6e\" data-element_type=\"widget\" data-e-type=\"widget\" data-settings=\"{&quot;_animation&quot;:&quot;fadeInDown&quot;}\" data-widget_type=\"image.default\">\n\t\t\t\t<div class=\"elementor-widget-container\">\n\t\t\t\t\t\t\t\t\t\t\t\t\t\t\t<img fetchpriority=\"high\" decoding=\"async\" width=\"768\" height=\"432\" src=\"https:\/\/selvazul.com.co\/wp-content\/uploads\/2021\/11\/cropped-cropped-cropped-capurgana1-768x432.jpg\" class=\"attachment-medium_large size-medium_large wp-image-3252\" alt=\"\" srcset=\"https:\/\/selvazul.com.co\/wp-content\/uploads\/2021\/11\/cropped-cropped-cropped-capurgana1-768x432.jpg 768w, https:\/\/selvazul.com.co\/wp-content\/uploads\/2021\/11\/cropped-cropped-cropped-capurgana1-300x169.jpg 300w, https:\/\/selvazul.com.co\/wp-content\/uploads\/2021\/11\/cropped-cropped-cropped-capurgana1-990x556.jpg 990w, https:\/\/selvazul.com.co\/wp-content\/uploads\/2021\/11\/cropped-cropped-cropped-capurgana1.jpg 1024w\" sizes=\"(max-width: 768px) 100vw, 768px\" \/>\t\t\t\t\t\t\t\t\t\t\t\t\t\t\t<\/div>\n\t\t\t\t<\/div>\n\t\t\t\t\t<\/div>\n\t\t<\/div>\n\t\t\t\t\t<\/div>\n\t\t<\/section>\n\t\t\t\t<section class=\"elementor-section elementor-top-section elementor-element elementor-element-56a03eb elementor-section-boxed elementor-section-height-default elementor-section-height-default\" data-id=\"56a03eb\" data-element_type=\"section\" data-e-type=\"section\">\n\t\t\t\t\t\t<div class=\"elementor-container elementor-column-gap-default\">\n\t\t\t\t\t<div class=\"elementor-column elementor-col-100 elementor-top-column elementor-element elementor-element-91182ca\" data-id=\"91182ca\" data-element_type=\"column\" data-e-type=\"column\">\n\t\t\t<div class=\"elementor-widget-wrap elementor-element-populated\">\n\t\t\t\t\t\t<div class=\"elementor-element elementor-element-de48026 elementor-widget elementor-widget-text-editor\" data-id=\"de48026\" data-element_type=\"widget\" data-e-type=\"widget\" data-widget_type=\"text-editor.default\">\n\t\t\t\t<div class=\"elementor-widget-container\">\n\t\t\t\t\t\t\t\t\t<blockquote>\n<p>INCLUYE<b> :<\/b><\/p>\n<\/blockquote>\n<p><b>Transporte mar\u00edtimo Necocli &#8211; Capurgan\u00e1- Necocl\u00ed. (SALIDAS DIARIAS). O opci\u00f3n a\u00e9rea (Medell\u00edn &#8211; Capurgan\u00e1 &#8211; Medell\u00edn). Salidas viernes con lunes o lunes y viernes.<\/b><\/p>\n<p><b>Recibimiento en muelle o aeropuerto Capurgan\u00e1.<\/b><\/p>\n<p><b>Refresco <\/b><b>de bienvenida<\/b><b>.<\/b><\/p>\n<p><b>Alojamiento 3 noches 4 d\u00edas desde acomodaci\u00f3n doble y m\u00faltiple en caba\u00f1as en ACUALI ECOHOSTAL<\/b><b>.<\/b><\/p>\n<p><b>Alimentaci\u00f3n desayunos y cenas<\/b><b>.<\/b><\/p>\n<p><b>Paseo a Sapzurro y la miel <\/b><b>con <\/b><b>almuerzo<\/b><b>.<\/b><\/p>\n<p><b>Tarjeta asistencia medica<\/b><b>.<\/b><\/p>\n<p><strong>NO INCLUYE:<\/strong><\/p>\n<p>Gastos no especificados en el plan.<\/p>\t\t\t\t\t\t\t\t<\/div>\n\t\t\t\t<\/div>\n\t\t\t\t\t<\/div>\n\t\t<\/div>\n\t\t\t\t\t<\/div>\n\t\t<\/section>\n\t\t\t\t<section class=\"elementor-section elementor-top-section elementor-element elementor-element-404fa8a elementor-section-boxed elementor-section-height-default elementor-section-height-default\" data-id=\"404fa8a\" data-element_type=\"section\" data-e-type=\"section\">\n\t\t\t\t\t\t<div class=\"elementor-container elementor-column-gap-default\">\n\t\t\t\t\t<div class=\"elementor-column elementor-col-50 elementor-top-column elementor-element elementor-element-5e0ed7a\" data-id=\"5e0ed7a\" data-element_type=\"column\" data-e-type=\"column\">\n\t\t\t<div class=\"elementor-widget-wrap elementor-element-populated\">\n\t\t\t\t\t\t<div class=\"elementor-element elementor-element-f111eeb elementor-widget elementor-widget-heading\" data-id=\"f111eeb\" data-element_type=\"widget\" data-e-type=\"widget\" data-widget_type=\"heading.default\">\n\t\t\t\t<div class=\"elementor-widget-container\">\n\t\t\t\t\t<h2 class=\"elementor-heading-title elementor-size-default\">VALOR TERRESTRE<br>$ 1.299.000<\/h2>\t\t\t\t<\/div>\n\t\t\t\t<\/div>\n\t\t\t\t\t<\/div>\n\t\t<\/div>\n\t\t\t\t<div class=\"elementor-column elementor-col-50 elementor-top-column elementor-element elementor-element-85e9d89\" data-id=\"85e9d89\" data-element_type=\"column\" data-e-type=\"column\">\n\t\t\t<div class=\"elementor-widget-wrap elementor-element-populated\">\n\t\t\t\t\t\t<div class=\"elementor-element elementor-element-78c9e01 elementor-widget elementor-widget-heading\" data-id=\"78c9e01\" data-element_type=\"widget\" data-e-type=\"widget\" data-widget_type=\"heading.default\">\n\t\t\t\t<div class=\"elementor-widget-container\">\n\t\t\t\t\t<h2 class=\"elementor-heading-title elementor-size-default\">VALOR A\u00c9REO<br>$ 1.799.000<\/h2>\t\t\t\t<\/div>\n\t\t\t\t<\/div>\n\t\t\t\t\t<\/div>\n\t\t<\/div>\n\t\t\t\t\t<\/div>\n\t\t<\/section>\n\t\t\t\t<section class=\"elementor-section elementor-top-section elementor-element elementor-element-b82523e elementor-section-boxed elementor-section-height-default elementor-section-height-default\" data-id=\"b82523e\" data-element_type=\"section\" data-e-type=\"section\">\n\t\t\t\t\t\t<div class=\"elementor-container elementor-column-gap-default\">\n\t\t\t\t\t<div class=\"elementor-column elementor-col-100 elementor-top-column elementor-element elementor-element-070eb63\" data-id=\"070eb63\" data-element_type=\"column\" data-e-type=\"column\">\n\t\t\t<div class=\"elementor-widget-wrap elementor-element-populated\">\n\t\t\t\t\t\t<div class=\"elementor-element elementor-element-9839d21 elementor-widget elementor-widget-image\" data-id=\"9839d21\" data-element_type=\"widget\" data-e-type=\"widget\" data-widget_type=\"image.default\">\n\t\t\t\t<div class=\"elementor-widget-container\">\n\t\t\t\t\t\t\t\t\t\t\t\t\t\t\t<img decoding=\"async\" width=\"960\" height=\"368\" src=\"https:\/\/selvazul.com.co\/wp-content\/uploads\/2022\/01\/cropped-seychelles-ga30071061_1920-1024x393.jpg\" class=\"attachment-large size-large wp-image-2428\" alt=\"\" srcset=\"https:\/\/selvazul.com.co\/wp-content\/uploads\/2022\/01\/cropped-seychelles-ga30071061_1920-1024x393.jpg 1024w, https:\/\/selvazul.com.co\/wp-content\/uploads\/2022\/01\/cropped-seychelles-ga30071061_1920-300x115.jpg 300w, https:\/\/selvazul.com.co\/wp-content\/uploads\/2022\/01\/cropped-seychelles-ga30071061_1920-768x295.jpg 768w, https:\/\/selvazul.com.co\/wp-content\/uploads\/2022\/01\/cropped-seychelles-ga30071061_1920-1140x438.jpg 1140w, https:\/\/selvazul.com.co\/wp-content\/uploads\/2022\/01\/cropped-seychelles-ga30071061_1920-1320x507.jpg 1320w, https:\/\/selvazul.com.co\/wp-content\/uploads\/2022\/01\/cropped-seychelles-ga30071061_1920.jpg 1500w\" sizes=\"(max-width: 960px) 100vw, 960px\" \/>\t\t\t\t\t\t\t\t\t\t\t\t\t\t\t<\/div>\n\t\t\t\t<\/div>\n\t\t\t\t\t<\/div>\n\t\t<\/div>\n\t\t\t\t\t<\/div>\n\t\t<\/section>\n\t\t\t\t<section class=\"elementor-section elementor-top-section elementor-element elementor-element-a5a996c elementor-section-boxed elementor-section-height-default elementor-section-height-default\" data-id=\"a5a996c\" data-element_type=\"section\" data-e-type=\"section\">\n\t\t\t\t\t\t<div class=\"elementor-container elementor-column-gap-default\">\n\t\t\t\t\t<div class=\"elementor-column elementor-col-100 elementor-top-column elementor-element elementor-element-c29e302\" data-id=\"c29e302\" data-element_type=\"column\" data-e-type=\"column\">\n\t\t\t<div class=\"elementor-widget-wrap elementor-element-populated\">\n\t\t\t\t\t\t<div class=\"elementor-element elementor-element-da0d81f elementor-shape-rounded elementor-grid-0 e-grid-align-center elementor-widget elementor-widget-social-icons\" data-id=\"da0d81f\" data-element_type=\"widget\" data-e-type=\"widget\" data-widget_type=\"social-icons.default\">\n\t\t\t\t<div class=\"elementor-widget-container\">\n\t\t\t\t\t\t\t<div class=\"elementor-social-icons-wrapper elementor-grid\" role=\"list\">\n\t\t\t\t\t\t\t<span class=\"elementor-grid-item\" role=\"listitem\">\n\t\t\t\t\t<a class=\"elementor-icon elementor-social-icon elementor-social-icon-facebook elementor-repeater-item-df21db4\" href=\"https:\/\/www.facebook.com\/Selvazulcc\/\" target=\"_blank\">\n\t\t\t\t\t\t<span class=\"elementor-screen-only\">Facebook<\/span>\n\t\t\t\t\t\t<i aria-hidden=\"true\" class=\"fab fa-facebook\"><\/i>\t\t\t\t\t<\/a>\n\t\t\t\t<\/span>\n\t\t\t\t\t\t\t<span class=\"elementor-grid-item\" role=\"listitem\">\n\t\t\t\t\t<a class=\"elementor-icon elementor-social-icon elementor-social-icon-instagram elementor-repeater-item-1dc33fd\" href=\"https:\/\/instagram.com\/selvazulmde?utm_medium=copy_link\" target=\"_blank\">\n\t\t\t\t\t\t<span class=\"elementor-screen-only\">Instagram<\/span>\n\t\t\t\t\t\t<i aria-hidden=\"true\" class=\"fab fa-instagram\"><\/i>\t\t\t\t\t<\/a>\n\t\t\t\t<\/span>\n\t\t\t\t\t\t\t<span class=\"elementor-grid-item\" role=\"listitem\">\n\t\t\t\t\t<a class=\"elementor-icon elementor-social-icon elementor-social-icon-whatsapp elementor-repeater-item-3cca8df\" href=\"https:\/\/wa.me\/573134453653\" target=\"_blank\">\n\t\t\t\t\t\t<span class=\"elementor-screen-only\">Whatsapp<\/span>\n\t\t\t\t\t\t<i aria-hidden=\"true\" class=\"fab fa-whatsapp\"><\/i>\t\t\t\t\t<\/a>\n\t\t\t\t<\/span>\n\t\t\t\t\t<\/div>\n\t\t\t\t\t\t<\/div>\n\t\t\t\t<\/div>\n\t\t\t\t\t<\/div>\n\t\t<\/div>\n\t\t\t\t\t<\/div>\n\t\t<\/section>\n\t\t\t\t<\/div>\n\t\t","protected":false},"excerpt":{"rendered":"<p>CAPURGAN&Aacute; TERRESTRE Y A&Eacute;REO INCLUYE : Transporte mar&iacute;timo Necocli &ndash; Capurgan&aacute;- Necocl&iacute;. (SALIDAS DIARIAS). O opci&oacute;n a&eacute;rea (Medell&iacute;n &ndash; Capurgan&aacute; &ndash; Medell&iacute;n). Salidas viernes con lunes o lunes y viernes. Recibimiento en muelle o aeropuerto Capurgan&aacute;. Refresco de bienvenida. Alojamiento 3 noches 4 d&iacute;as desde acomodaci&oacute;n doble y m&uacute;ltiple en caba&ntilde;as en ACUALI ECOHOSTAL. Alimentaci&oacute;n desayunos y cenas. Paseo a Sapzurro y la miel con almuerzo. Tarjeta asistencia medica. NO INCLUYE: Gastos no especificados en el plan. VALOR TERRESTRE$ 1.299.000 VALOR A&Eacute;REO$ 1.799.000 Facebook Instagram Whatsapp<\/p>\n","protected":false},"author":1,"featured_media":0,"parent":0,"menu_order":0,"comment_status":"closed","ping_status":"closed","template":"","meta":{"footnotes":""},"class_list":["post-1217","page","type-page","status-publish","hentry"],"_links":{"self":[{"href":"https:\/\/selvazul.com.co\/index.php\/wp-json\/wp\/v2\/pages\/1217","targetHints":{"allow":["GET"]}}],"collection":[{"href":"https:\/\/selvazul.com.co\/index.php\/wp-json\/wp\/v2\/pages"}],"about":[{"href":"https:\/\/selvazul.com.co\/index.php\/wp-json\/wp\/v2\/types\/page"}],"author":[{"embeddable":true,"href":"https:\/\/selvazul.com.co\/index.php\/wp-json\/wp\/v2\/users\/1"}],"replies":[{"embeddable":true,"href":"https:\/\/selvazul.com.co\/index.php\/wp-json\/wp\/v2\/comments?post=1217"}],"version-history":[{"count":134,"href":"https:\/\/selvazul.com.co\/index.php\/wp-json\/wp\/v2\/pages\/1217\/revisions"}],"predecessor-version":[{"id":4067,"href":"https:\/\/selvazul.com.co\/index.php\/wp-json\/wp\/v2\/pages\/1217\/revisions\/4067"}],"wp:attachment":[{"href":"https:\/\/selvazul.com.co\/index.php\/wp-json\/wp\/v2\/media?parent=1217"}],"curies":[{"name":"wp","href":"https:\/\/api.w.org\/{rel}","templated":true}]}}