{"id":18,"date":"2021-11-12T22:37:12","date_gmt":"2021-11-12T22:37:12","guid":{"rendered":"https:\/\/selvazul.com.co\/?page_id=18"},"modified":"2024-02-29T23:03:16","modified_gmt":"2024-02-29T23:03:16","slug":"quienes-somos","status":"publish","type":"page","link":"https:\/\/selvazul.com.co\/index.php\/quienes-somos\/","title":{"rendered":"QUIENES SOMOS"},"content":{"rendered":"\t\t<div data-elementor-type=\"wp-page\" data-elementor-id=\"18\" class=\"elementor elementor-18\">\n\t\t\t\t\t\t<section class=\"elementor-section elementor-top-section elementor-element elementor-element-527ee03 elementor-section-boxed elementor-section-height-default elementor-section-height-default\" data-id=\"527ee03\" data-element_type=\"section\" data-e-type=\"section\">\n\t\t\t\t\t\t<div class=\"elementor-container elementor-column-gap-default\">\n\t\t\t\t\t<div class=\"elementor-column elementor-col-100 elementor-top-column elementor-element elementor-element-ea2f69e\" data-id=\"ea2f69e\" data-element_type=\"column\" data-e-type=\"column\">\n\t\t\t<div class=\"elementor-widget-wrap elementor-element-populated\">\n\t\t\t\t\t\t<div class=\"elementor-element elementor-element-925d611 elementor-invisible elementor-widget elementor-widget-image\" data-id=\"925d611\" data-element_type=\"widget\" data-e-type=\"widget\" data-settings=\"{&quot;_animation&quot;:&quot;tada&quot;}\" data-widget_type=\"image.default\">\n\t\t\t\t<div class=\"elementor-widget-container\">\n\t\t\t\t\t\t\t\t\t\t\t\t\t\t\t<img fetchpriority=\"high\" decoding=\"async\" width=\"650\" height=\"500\" src=\"https:\/\/selvazul.com.co\/wp-content\/uploads\/2021\/11\/imagen_id_533432e5c937e.jpg\" class=\"attachment-medium_large size-medium_large wp-image-707\" alt=\"\" srcset=\"https:\/\/selvazul.com.co\/wp-content\/uploads\/2021\/11\/imagen_id_533432e5c937e.jpg 650w, https:\/\/selvazul.com.co\/wp-content\/uploads\/2021\/11\/imagen_id_533432e5c937e-600x462.jpg 600w, https:\/\/selvazul.com.co\/wp-content\/uploads\/2021\/11\/imagen_id_533432e5c937e-300x231.jpg 300w\" sizes=\"(max-width: 650px) 100vw, 650px\" \/>\t\t\t\t\t\t\t\t\t\t\t\t\t\t\t<\/div>\n\t\t\t\t<\/div>\n\t\t\t\t\t<\/div>\n\t\t<\/div>\n\t\t\t\t\t<\/div>\n\t\t<\/section>\n\t\t\t\t<section class=\"elementor-section elementor-top-section elementor-element elementor-element-4b74e0a elementor-section-boxed elementor-section-height-default elementor-section-height-default\" data-id=\"4b74e0a\" data-element_type=\"section\" data-e-type=\"section\">\n\t\t\t\t\t\t<div class=\"elementor-container elementor-column-gap-default\">\n\t\t\t\t\t<div class=\"elementor-column elementor-col-100 elementor-top-column elementor-element elementor-element-0f0e3a2\" data-id=\"0f0e3a2\" data-element_type=\"column\" data-e-type=\"column\">\n\t\t\t<div class=\"elementor-widget-wrap elementor-element-populated\">\n\t\t\t\t\t\t<div class=\"elementor-element elementor-element-fcc8237 elementor-widget elementor-widget-text-editor\" data-id=\"fcc8237\" data-element_type=\"widget\" data-e-type=\"widget\" data-widget_type=\"text-editor.default\">\n\t\t\t\t<div class=\"elementor-widget-container\">\n\t\t\t\t\t\t\t\t\t<pre>Somos una agencia de viajes, especializada en los destinos tur\u00edsticos del Choc\u00f3 (Bah\u00eda Solano, Capurgana, Nuqu\u00ed), adem\u00e1s ofrecemos \u00a0la comercializaci\u00f3n y venta de planes tur\u00edsticos a nivel nacional e internacional, tiquetes y receptivos.<br \/><br \/>\u00a1SELVAZUL! m\u00e1s que una agencia de viajes somos el medio para una experiencia inolvidable, trae todas las ideas que tengas en mente para disfrutar el viaje de tus sue\u00f1os, juntos lo haremos realidad.<br \/><br \/>Adem\u00e1s manejamos tiquetes a\u00e9reos comerciales y vuelos ch\u00e1rter hacia destinos nacionales y del Choc\u00f3.<\/pre>\t\t\t\t\t\t\t\t<\/div>\n\t\t\t\t<\/div>\n\t\t\t\t\t<\/div>\n\t\t<\/div>\n\t\t\t\t\t<\/div>\n\t\t<\/section>\n\t\t\t\t<section class=\"elementor-section elementor-top-section elementor-element elementor-element-5059333 elementor-section-boxed elementor-section-height-default elementor-section-height-default\" data-id=\"5059333\" data-element_type=\"section\" data-e-type=\"section\">\n\t\t\t\t\t\t<div class=\"elementor-container elementor-column-gap-default\">\n\t\t\t\t\t<div class=\"elementor-column elementor-col-100 elementor-top-column elementor-element elementor-element-94b0c1a\" data-id=\"94b0c1a\" data-element_type=\"column\" data-e-type=\"column\">\n\t\t\t<div class=\"elementor-widget-wrap elementor-element-populated\">\n\t\t\t\t\t\t<div class=\"elementor-element elementor-element-275ef3c elementor-widget elementor-widget-heading\" data-id=\"275ef3c\" data-element_type=\"widget\" data-e-type=\"widget\" data-widget_type=\"heading.default\">\n\t\t\t\t<div class=\"elementor-widget-container\">\n\t\t\t\t\t<h3 class=\"elementor-heading-title elementor-size-default\">Nuestros Servicios<\/h3>\t\t\t\t<\/div>\n\t\t\t\t<\/div>\n\t\t\t\t\t<\/div>\n\t\t<\/div>\n\t\t\t\t\t<\/div>\n\t\t<\/section>\n\t\t\t\t<section class=\"elementor-section elementor-top-section elementor-element elementor-element-e21a0ea elementor-section-boxed elementor-section-height-default elementor-section-height-default\" data-id=\"e21a0ea\" data-element_type=\"section\" data-e-type=\"section\">\n\t\t\t\t\t\t<div class=\"elementor-container elementor-column-gap-default\">\n\t\t\t\t\t<div class=\"elementor-column elementor-col-100 elementor-top-column elementor-element elementor-element-03d7678\" data-id=\"03d7678\" data-element_type=\"column\" data-e-type=\"column\">\n\t\t\t<div class=\"elementor-widget-wrap elementor-element-populated\">\n\t\t\t\t\t\t<div class=\"elementor-element elementor-element-cffbda5 elementor-widget elementor-widget-text-editor\" data-id=\"cffbda5\" data-element_type=\"widget\" data-e-type=\"widget\" data-widget_type=\"text-editor.default\">\n\t\t\t\t<div class=\"elementor-widget-container\">\n\t\t\t\t\t\t\t\t\t<pre>Castillo Castro Ltda. Y su marca comercial SELVAZUL, es una empresa de servicios de turismo y transporte a\u00e9reo, en desarrollo de su objeto social, presta los siguientes servicios:<\/pre><ul><li><pre><em>Operadores de los hoteles Acual\u00ed en NQU y CPB.<\/em><\/pre><\/li><li><pre><em>Especializados en la venta de planes tur\u00edsticos hacia el Choc\u00f3.<\/em><\/pre><\/li><li><pre><em>Planes tur\u00edsticos nacionales e internacionales.<\/em><\/pre><\/li><li><pre><em>Venta de tiquetes a\u00e9reos nacionales e internacionales.<\/em><\/pre><\/li><li><pre><em>Asesor\u00eda en visas hacia EU y otros.<\/em><\/pre><\/li><\/ul>\t\t\t\t\t\t\t\t<\/div>\n\t\t\t\t<\/div>\n\t\t\t\t\t<\/div>\n\t\t<\/div>\n\t\t\t\t\t<\/div>\n\t\t<\/section>\n\t\t\t\t<section class=\"elementor-section elementor-top-section elementor-element elementor-element-9d98582 elementor-section-boxed elementor-section-height-default elementor-section-height-default\" data-id=\"9d98582\" data-element_type=\"section\" data-e-type=\"section\">\n\t\t\t\t\t\t<div class=\"elementor-container elementor-column-gap-default\">\n\t\t\t\t\t<div class=\"elementor-column elementor-col-100 elementor-top-column elementor-element elementor-element-bf53b18\" data-id=\"bf53b18\" data-element_type=\"column\" data-e-type=\"column\">\n\t\t\t<div class=\"elementor-widget-wrap elementor-element-populated\">\n\t\t\t\t\t\t<div class=\"elementor-element elementor-element-436f1cc elementor-widget elementor-widget-shortcode\" data-id=\"436f1cc\" data-element_type=\"widget\" data-e-type=\"widget\" data-widget_type=\"shortcode.default\">\n\t\t\t\t<div class=\"elementor-widget-container\">\n\t\t\t\t\t\t\t<div class=\"elementor-shortcode\"><div id=\"metaslider-id-553\" style=\"width: 100%; margin: 0 auto;\" class=\"ml-slider-3-108-0 metaslider metaslider-nivo metaslider-553 ml-slider ml-slider-lightbox-2-22-0 lightbox-disabled ms-theme-default\" role=\"region\" aria-label=\"Nueva presentaci\u00f3n de diapositivas\" data-height=\"900\" data-width=\"1300\">\n    <div id=\"metaslider_container_553\">\n        <div class='slider-wrapper theme-default'><div class='ribbon'><\/div><div id='metaslider_553' class='nivoSlider'><img decoding=\"async\" src=\"https:\/\/selvazul.com.co\/wp-content\/uploads\/2021\/11\/diving-g2ac3dc9bf_1920-1300x900.jpg\" height=\"900\" width=\"1300\" title=\"diving-g2ac3dc9bf_1920\" alt=\"\" class=\"slider-553 slide-559 msDefaultImage\" \/><img decoding=\"async\" src=\"https:\/\/selvazul.com.co\/wp-content\/uploads\/2021\/11\/travel-concept-with-landmarks-scaled-1300x900.jpg\" height=\"900\" width=\"1300\" title=\"travel-concept-with-landmarks\" alt=\"\" class=\"slider-553 slide-562 msDefaultImage\" \/><img loading=\"lazy\" decoding=\"async\" src=\"https:\/\/selvazul.com.co\/wp-content\/uploads\/2021\/11\/cheyenne-gb34ecd5d7_1920-1300x900.jpg\" height=\"900\" width=\"1300\" title=\"cheyenne-gb34ecd5d7_1920\" alt=\"\" class=\"slider-553 slide-558 msDefaultImage\" \/><img loading=\"lazy\" decoding=\"async\" src=\"https:\/\/selvazul.com.co\/wp-content\/uploads\/2021\/11\/VISION-1-1300x900.jpg\" height=\"900\" width=\"1300\" title=\"VISION\" alt=\"\" class=\"slider-553 slide-561 msDefaultImage\" \/><\/div><\/div>\n        \n    <\/div>\n<\/div><\/div>\n\t\t\t\t\t\t<\/div>\n\t\t\t\t<\/div>\n\t\t\t\t\t<\/div>\n\t\t<\/div>\n\t\t\t\t\t<\/div>\n\t\t<\/section>\n\t\t\t\t<section class=\"elementor-section elementor-top-section elementor-element elementor-element-1486540 elementor-section-boxed elementor-section-height-default elementor-section-height-default\" data-id=\"1486540\" data-element_type=\"section\" data-e-type=\"section\">\n\t\t\t\t\t\t<div class=\"elementor-container elementor-column-gap-default\">\n\t\t\t\t\t<div class=\"elementor-column elementor-col-100 elementor-top-column elementor-element elementor-element-fca3865\" data-id=\"fca3865\" data-element_type=\"column\" data-e-type=\"column\">\n\t\t\t<div class=\"elementor-widget-wrap elementor-element-populated\">\n\t\t\t\t\t\t<div class=\"elementor-element elementor-element-42aae95 elementor-widget elementor-widget-heading\" data-id=\"42aae95\" data-element_type=\"widget\" data-e-type=\"widget\" data-widget_type=\"heading.default\">\n\t\t\t\t<div class=\"elementor-widget-container\">\n\t\t\t\t\t<h3 class=\"elementor-heading-title elementor-size-default\">Destinos en el  Choc\u00f3<\/h3>\t\t\t\t<\/div>\n\t\t\t\t<\/div>\n\t\t\t\t\t<\/div>\n\t\t<\/div>\n\t\t\t\t\t<\/div>\n\t\t<\/section>\n\t\t\t\t<section class=\"elementor-section elementor-top-section elementor-element elementor-element-621c429 elementor-section-boxed elementor-section-height-default elementor-section-height-default\" data-id=\"621c429\" data-element_type=\"section\" data-e-type=\"section\">\n\t\t\t\t\t\t<div class=\"elementor-container elementor-column-gap-default\">\n\t\t\t\t\t<div class=\"elementor-column elementor-col-33 elementor-top-column elementor-element elementor-element-ecb8981\" data-id=\"ecb8981\" data-element_type=\"column\" data-e-type=\"column\">\n\t\t\t<div class=\"elementor-widget-wrap elementor-element-populated\">\n\t\t\t\t\t\t<div class=\"elementor-element elementor-element-6aae7ca elementor-widget elementor-widget-image\" data-id=\"6aae7ca\" data-element_type=\"widget\" data-e-type=\"widget\" data-widget_type=\"image.default\">\n\t\t\t\t<div class=\"elementor-widget-container\">\n\t\t\t\t\t\t\t\t\t\t\t\t\t\t\t\t<a href=\"https:\/\/selvazul.com.co\/index.php\/bahia-solano\/\">\n\t\t\t\t\t\t\t<img loading=\"lazy\" decoding=\"async\" width=\"800\" height=\"600\" src=\"https:\/\/selvazul.com.co\/wp-content\/uploads\/2021\/11\/bahia-solano-nuqui-choco.jpg\" class=\"attachment-large size-large wp-image-400\" alt=\"\" srcset=\"https:\/\/selvazul.com.co\/wp-content\/uploads\/2021\/11\/bahia-solano-nuqui-choco.jpg 800w, https:\/\/selvazul.com.co\/wp-content\/uploads\/2021\/11\/bahia-solano-nuqui-choco-600x450.jpg 600w, https:\/\/selvazul.com.co\/wp-content\/uploads\/2021\/11\/bahia-solano-nuqui-choco-300x225.jpg 300w, https:\/\/selvazul.com.co\/wp-content\/uploads\/2021\/11\/bahia-solano-nuqui-choco-768x576.jpg 768w\" sizes=\"(max-width: 800px) 100vw, 800px\" \/>\t\t\t\t\t\t\t\t<\/a>\n\t\t\t\t\t\t\t\t\t\t\t\t\t\t\t<\/div>\n\t\t\t\t<\/div>\n\t\t\t\t<div class=\"elementor-element elementor-element-09fffd5 elementor-widget elementor-widget-text-editor\" data-id=\"09fffd5\" data-element_type=\"widget\" data-e-type=\"widget\" data-widget_type=\"text-editor.default\">\n\t\t\t\t<div class=\"elementor-widget-container\">\n\t\t\t\t\t\t\t\t\t<p style=\"text-align: center;\"><a href=\"https:\/\/selvazul.com.co\/index.php\/bahia-solano\/\">BAHIA SOLANO<\/a><\/p>\t\t\t\t\t\t\t\t<\/div>\n\t\t\t\t<\/div>\n\t\t\t\t\t<\/div>\n\t\t<\/div>\n\t\t\t\t<div class=\"elementor-column elementor-col-33 elementor-top-column elementor-element elementor-element-698ee9c\" data-id=\"698ee9c\" data-element_type=\"column\" data-e-type=\"column\">\n\t\t\t<div class=\"elementor-widget-wrap elementor-element-populated\">\n\t\t\t\t\t\t<div class=\"elementor-element elementor-element-a31a274 elementor-widget elementor-widget-image\" data-id=\"a31a274\" data-element_type=\"widget\" data-e-type=\"widget\" data-widget_type=\"image.default\">\n\t\t\t\t<div class=\"elementor-widget-container\">\n\t\t\t\t\t\t\t\t\t\t\t\t\t\t\t\t<a href=\"https:\/\/selvazul.com.co\/index.php\/capurgana\/\">\n\t\t\t\t\t\t\t<img loading=\"lazy\" decoding=\"async\" width=\"800\" height=\"600\" src=\"https:\/\/selvazul.com.co\/wp-content\/uploads\/2021\/11\/capurgana1-1.jpg\" class=\"attachment-large size-large wp-image-401\" alt=\"\" srcset=\"https:\/\/selvazul.com.co\/wp-content\/uploads\/2021\/11\/capurgana1-1.jpg 800w, https:\/\/selvazul.com.co\/wp-content\/uploads\/2021\/11\/capurgana1-1-600x450.jpg 600w, https:\/\/selvazul.com.co\/wp-content\/uploads\/2021\/11\/capurgana1-1-300x225.jpg 300w, https:\/\/selvazul.com.co\/wp-content\/uploads\/2021\/11\/capurgana1-1-768x576.jpg 768w\" sizes=\"(max-width: 800px) 100vw, 800px\" \/>\t\t\t\t\t\t\t\t<\/a>\n\t\t\t\t\t\t\t\t\t\t\t\t\t\t\t<\/div>\n\t\t\t\t<\/div>\n\t\t\t\t<div class=\"elementor-element elementor-element-1aa9cd2 elementor-widget elementor-widget-text-editor\" data-id=\"1aa9cd2\" data-element_type=\"widget\" data-e-type=\"widget\" data-widget_type=\"text-editor.default\">\n\t\t\t\t<div class=\"elementor-widget-container\">\n\t\t\t\t\t\t\t\t\t<p style=\"text-align: center;\"><a href=\"https:\/\/selvazul.com.co\/index.php\/capurgana\/\">CAPURGANA<\/a><\/p>\t\t\t\t\t\t\t\t<\/div>\n\t\t\t\t<\/div>\n\t\t\t\t\t<\/div>\n\t\t<\/div>\n\t\t\t\t<div class=\"elementor-column elementor-col-33 elementor-top-column elementor-element elementor-element-54110ba\" data-id=\"54110ba\" data-element_type=\"column\" data-e-type=\"column\">\n\t\t\t<div class=\"elementor-widget-wrap elementor-element-populated\">\n\t\t\t\t\t\t<div class=\"elementor-element elementor-element-7ad0eed elementor-widget elementor-widget-image\" data-id=\"7ad0eed\" data-element_type=\"widget\" data-e-type=\"widget\" data-widget_type=\"image.default\">\n\t\t\t\t<div class=\"elementor-widget-container\">\n\t\t\t\t\t\t\t\t\t\t\t\t\t\t\t\t<a href=\"https:\/\/selvazul.com.co\/index.php\/nuqui\/\">\n\t\t\t\t\t\t\t<img loading=\"lazy\" decoding=\"async\" width=\"800\" height=\"600\" src=\"https:\/\/selvazul.com.co\/wp-content\/uploads\/2021\/11\/nuqui-4.jpg\" class=\"attachment-large size-large wp-image-417\" alt=\"\" srcset=\"https:\/\/selvazul.com.co\/wp-content\/uploads\/2021\/11\/nuqui-4.jpg 800w, https:\/\/selvazul.com.co\/wp-content\/uploads\/2021\/11\/nuqui-4-600x450.jpg 600w, https:\/\/selvazul.com.co\/wp-content\/uploads\/2021\/11\/nuqui-4-300x225.jpg 300w, https:\/\/selvazul.com.co\/wp-content\/uploads\/2021\/11\/nuqui-4-768x576.jpg 768w\" sizes=\"(max-width: 800px) 100vw, 800px\" \/>\t\t\t\t\t\t\t\t<\/a>\n\t\t\t\t\t\t\t\t\t\t\t\t\t\t\t<\/div>\n\t\t\t\t<\/div>\n\t\t\t\t<div class=\"elementor-element elementor-element-976b2bb elementor-widget elementor-widget-text-editor\" data-id=\"976b2bb\" data-element_type=\"widget\" data-e-type=\"widget\" data-widget_type=\"text-editor.default\">\n\t\t\t\t<div class=\"elementor-widget-container\">\n\t\t\t\t\t\t\t\t\t<p style=\"text-align: center;\"><a href=\"https:\/\/selvazul.com.co\/index.php\/nuqui\/\">NUQUI<\/a><\/p>\t\t\t\t\t\t\t\t<\/div>\n\t\t\t\t<\/div>\n\t\t\t\t\t<\/div>\n\t\t<\/div>\n\t\t\t\t\t<\/div>\n\t\t<\/section>\n\t\t\t\t<section class=\"elementor-section elementor-top-section elementor-element elementor-element-240b4b5 elementor-section-boxed elementor-section-height-default elementor-section-height-default\" data-id=\"240b4b5\" data-element_type=\"section\" data-e-type=\"section\">\n\t\t\t\t\t\t<div class=\"elementor-container elementor-column-gap-default\">\n\t\t\t\t\t<div class=\"elementor-column elementor-col-33 elementor-top-column elementor-element elementor-element-933d3eb\" data-id=\"933d3eb\" data-element_type=\"column\" data-e-type=\"column\">\n\t\t\t<div class=\"elementor-widget-wrap elementor-element-populated\">\n\t\t\t\t\t\t<div class=\"elementor-element elementor-element-705eeab elementor-widget elementor-widget-google_maps\" data-id=\"705eeab\" data-element_type=\"widget\" data-e-type=\"widget\" data-widget_type=\"google_maps.default\">\n\t\t\t\t<div class=\"elementor-widget-container\">\n\t\t\t\t\t\t\t<div class=\"elementor-custom-embed\">\n\t\t\t<iframe loading=\"lazy\"\n\t\t\t\t\tsrc=\"https:\/\/maps.google.com\/maps?q=Bahia%20Solano&#038;t=m&#038;z=10&#038;output=embed&#038;iwloc=near\"\n\t\t\t\t\ttitle=\"Bahia Solano\"\n\t\t\t\t\taria-label=\"Bahia Solano\"\n\t\t\t><\/iframe>\n\t\t<\/div>\n\t\t\t\t\t\t<\/div>\n\t\t\t\t<\/div>\n\t\t\t\t\t<\/div>\n\t\t<\/div>\n\t\t\t\t<div class=\"elementor-column elementor-col-33 elementor-top-column elementor-element elementor-element-a9c6d63\" data-id=\"a9c6d63\" data-element_type=\"column\" data-e-type=\"column\">\n\t\t\t<div class=\"elementor-widget-wrap elementor-element-populated\">\n\t\t\t\t\t\t<div class=\"elementor-element elementor-element-018dcd2 elementor-widget elementor-widget-google_maps\" data-id=\"018dcd2\" data-element_type=\"widget\" data-e-type=\"widget\" data-widget_type=\"google_maps.default\">\n\t\t\t\t<div class=\"elementor-widget-container\">\n\t\t\t\t\t\t\t<div class=\"elementor-custom-embed\">\n\t\t\t<iframe loading=\"lazy\"\n\t\t\t\t\tsrc=\"https:\/\/maps.google.com\/maps?q=Capurgana&#038;t=m&#038;z=10&#038;output=embed&#038;iwloc=near\"\n\t\t\t\t\ttitle=\"Capurgana\"\n\t\t\t\t\taria-label=\"Capurgana\"\n\t\t\t><\/iframe>\n\t\t<\/div>\n\t\t\t\t\t\t<\/div>\n\t\t\t\t<\/div>\n\t\t\t\t\t<\/div>\n\t\t<\/div>\n\t\t\t\t<div class=\"elementor-column elementor-col-33 elementor-top-column elementor-element elementor-element-7d5c668\" data-id=\"7d5c668\" data-element_type=\"column\" data-e-type=\"column\">\n\t\t\t<div class=\"elementor-widget-wrap elementor-element-populated\">\n\t\t\t\t\t\t<div class=\"elementor-element elementor-element-087954a elementor-widget elementor-widget-google_maps\" data-id=\"087954a\" data-element_type=\"widget\" data-e-type=\"widget\" data-widget_type=\"google_maps.default\">\n\t\t\t\t<div class=\"elementor-widget-container\">\n\t\t\t\t\t\t\t<div class=\"elementor-custom-embed\">\n\t\t\t<iframe loading=\"lazy\"\n\t\t\t\t\tsrc=\"https:\/\/maps.google.com\/maps?q=Nuqui&#038;t=m&#038;z=10&#038;output=embed&#038;iwloc=near\"\n\t\t\t\t\ttitle=\"Nuqui\"\n\t\t\t\t\taria-label=\"Nuqui\"\n\t\t\t><\/iframe>\n\t\t<\/div>\n\t\t\t\t\t\t<\/div>\n\t\t\t\t<\/div>\n\t\t\t\t\t<\/div>\n\t\t<\/div>\n\t\t\t\t\t<\/div>\n\t\t<\/section>\n\t\t\t\t<section class=\"elementor-section elementor-top-section elementor-element elementor-element-06c2bf9 elementor-section-boxed elementor-section-height-default elementor-section-height-default\" data-id=\"06c2bf9\" data-element_type=\"section\" data-e-type=\"section\">\n\t\t\t\t\t\t<div class=\"elementor-container elementor-column-gap-default\">\n\t\t\t\t\t<div class=\"elementor-column elementor-col-100 elementor-top-column elementor-element elementor-element-5079f8c\" data-id=\"5079f8c\" data-element_type=\"column\" data-e-type=\"column\">\n\t\t\t<div class=\"elementor-widget-wrap elementor-element-populated\">\n\t\t\t\t\t\t<div class=\"elementor-element elementor-element-90852f6 elementor-invisible elementor-widget elementor-widget-image\" data-id=\"90852f6\" data-element_type=\"widget\" data-e-type=\"widget\" data-settings=\"{&quot;_animation&quot;:&quot;pulse&quot;}\" data-widget_type=\"image.default\">\n\t\t\t\t<div class=\"elementor-widget-container\">\n\t\t\t\t\t\t\t\t\t\t\t\t\t\t\t<img loading=\"lazy\" decoding=\"async\" width=\"512\" height=\"1024\" src=\"https:\/\/selvazul.com.co\/wp-content\/uploads\/2024\/02\/Pendon-2x1-web-512x1024.jpg\" class=\"attachment-large size-large wp-image-3637\" alt=\"\" srcset=\"https:\/\/selvazul.com.co\/wp-content\/uploads\/2024\/02\/Pendon-2x1-web-512x1024.jpg 512w, https:\/\/selvazul.com.co\/wp-content\/uploads\/2024\/02\/Pendon-2x1-web-150x300.jpg 150w, https:\/\/selvazul.com.co\/wp-content\/uploads\/2024\/02\/Pendon-2x1-web-768x1536.jpg 768w, https:\/\/selvazul.com.co\/wp-content\/uploads\/2024\/02\/Pendon-2x1-web.jpg 1024w\" sizes=\"(max-width: 512px) 100vw, 512px\" \/>\t\t\t\t\t\t\t\t\t\t\t\t\t\t\t<\/div>\n\t\t\t\t<\/div>\n\t\t\t\t\t<\/div>\n\t\t<\/div>\n\t\t\t\t\t<\/div>\n\t\t<\/section>\n\t\t\t\t<\/div>\n\t\t","protected":false},"excerpt":{"rendered":"<p>Somos una agencia de viajes, especializada en los destinos tur&iacute;sticos del Choc&oacute; (Bah&iacute;a Solano, Capurgana, Nuqu&iacute;), adem&aacute;s ofrecemos &nbsp;la comercializaci&oacute;n y venta de planes tur&iacute;sticos a nivel nacional e internacional, tiquetes y receptivos.&iexcl;SELVAZUL! m&aacute;s que una agencia de viajes somos el medio para una experiencia inolvidable, trae todas las ideas que tengas en mente para disfrutar el viaje de tus sue&ntilde;os, juntos lo haremos realidad.Adem&aacute;s manejamos tiquetes a&eacute;reos comerciales y vuelos ch&aacute;rter hacia destinos nacionales y del Choc&oacute;. Nuestros Servicios Castillo Castro Ltda. Y su marca comercial SELVAZUL, es una empresa de servicios de turismo y transporte a&eacute;reo, en desarrollo de su objeto social, presta los siguientes servicios: Operadores de los hoteles Acual&iacute; en NQU y CPB. Especializados en la venta de planes tur&iacute;sticos hacia el Choc&oacute;. Planes tur&iacute;sticos nacionales e internacionales. Venta de tiquetes a&eacute;reos nacionales e internacionales. Asesor&iacute;a en visas hacia EU y otros. Destinos en el Choc&oacute; BAHIA SOLANO CAPURGANA NUQUI<\/p>\n","protected":false},"author":1,"featured_media":0,"parent":0,"menu_order":0,"comment_status":"closed","ping_status":"closed","template":"","meta":{"footnotes":""},"class_list":["post-18","page","type-page","status-publish","hentry"],"_links":{"self":[{"href":"https:\/\/selvazul.com.co\/index.php\/wp-json\/wp\/v2\/pages\/18","targetHints":{"allow":["GET"]}}],"collection":[{"href":"https:\/\/selvazul.com.co\/index.php\/wp-json\/wp\/v2\/pages"}],"about":[{"href":"https:\/\/selvazul.com.co\/index.php\/wp-json\/wp\/v2\/types\/page"}],"author":[{"embeddable":true,"href":"https:\/\/selvazul.com.co\/index.php\/wp-json\/wp\/v2\/users\/1"}],"replies":[{"embeddable":true,"href":"https:\/\/selvazul.com.co\/index.php\/wp-json\/wp\/v2\/comments?post=18"}],"version-history":[{"count":197,"href":"https:\/\/selvazul.com.co\/index.php\/wp-json\/wp\/v2\/pages\/18\/revisions"}],"predecessor-version":[{"id":3792,"href":"https:\/\/selvazul.com.co\/index.php\/wp-json\/wp\/v2\/pages\/18\/revisions\/3792"}],"wp:attachment":[{"href":"https:\/\/selvazul.com.co\/index.php\/wp-json\/wp\/v2\/media?parent=18"}],"curies":[{"name":"wp","href":"https:\/\/api.w.org\/{rel}","templated":true}]}}