{"id":485,"date":"2021-11-19T00:39:22","date_gmt":"2021-11-19T00:39:22","guid":{"rendered":"https:\/\/selvazul.com.co\/?page_id=485"},"modified":"2024-04-12T20:56:53","modified_gmt":"2024-04-12T20:56:53","slug":"mision-vision","status":"publish","type":"page","link":"https:\/\/selvazul.com.co\/index.php\/mision-vision\/","title":{"rendered":"MISION"},"content":{"rendered":"\t\t<div data-elementor-type=\"wp-page\" data-elementor-id=\"485\" class=\"elementor elementor-485\">\n\t\t\t\t\t\t<section class=\"elementor-section elementor-top-section elementor-element elementor-element-5141010 elementor-section-boxed elementor-section-height-default elementor-section-height-default\" data-id=\"5141010\" data-element_type=\"section\" data-e-type=\"section\">\n\t\t\t\t\t\t<div class=\"elementor-container elementor-column-gap-default\">\n\t\t\t\t\t<div class=\"elementor-column elementor-col-100 elementor-top-column elementor-element elementor-element-2994741\" data-id=\"2994741\" data-element_type=\"column\" data-e-type=\"column\">\n\t\t\t<div class=\"elementor-widget-wrap elementor-element-populated\">\n\t\t\t\t\t\t<div class=\"elementor-element elementor-element-082973b elementor-widget elementor-widget-image\" data-id=\"082973b\" data-element_type=\"widget\" data-e-type=\"widget\" data-widget_type=\"image.default\">\n\t\t\t\t<div class=\"elementor-widget-container\">\n\t\t\t\t\t\t\t\t\t\t\t\t\t\t\t<img fetchpriority=\"high\" decoding=\"async\" width=\"960\" height=\"539\" src=\"https:\/\/selvazul.com.co\/wp-content\/uploads\/2021\/12\/cropped-cropped-cropped-gayana-gb7b3c2c3d_1920-1-1024x575.jpg\" class=\"attachment-large size-large wp-image-3941\" alt=\"\" srcset=\"https:\/\/selvazul.com.co\/wp-content\/uploads\/2021\/12\/cropped-cropped-cropped-gayana-gb7b3c2c3d_1920-1-1024x575.jpg 1024w, https:\/\/selvazul.com.co\/wp-content\/uploads\/2021\/12\/cropped-cropped-cropped-gayana-gb7b3c2c3d_1920-1-300x168.jpg 300w, https:\/\/selvazul.com.co\/wp-content\/uploads\/2021\/12\/cropped-cropped-cropped-gayana-gb7b3c2c3d_1920-1-768x431.jpg 768w, https:\/\/selvazul.com.co\/wp-content\/uploads\/2021\/12\/cropped-cropped-cropped-gayana-gb7b3c2c3d_1920-1-1536x862.jpg 1536w, https:\/\/selvazul.com.co\/wp-content\/uploads\/2021\/12\/cropped-cropped-cropped-gayana-gb7b3c2c3d_1920-1-990x556.jpg 990w, https:\/\/selvazul.com.co\/wp-content\/uploads\/2021\/12\/cropped-cropped-cropped-gayana-gb7b3c2c3d_1920-1.jpg 1918w\" sizes=\"(max-width: 960px) 100vw, 960px\" \/>\t\t\t\t\t\t\t\t\t\t\t\t\t\t\t<\/div>\n\t\t\t\t<\/div>\n\t\t\t\t\t<\/div>\n\t\t<\/div>\n\t\t\t\t\t<\/div>\n\t\t<\/section>\n\t\t\t\t<section class=\"elementor-section elementor-top-section elementor-element elementor-element-882c993 elementor-section-boxed elementor-section-height-default elementor-section-height-default\" data-id=\"882c993\" data-element_type=\"section\" data-e-type=\"section\">\n\t\t\t\t\t\t<div class=\"elementor-container elementor-column-gap-default\">\n\t\t\t\t\t<div class=\"elementor-column elementor-col-100 elementor-top-column elementor-element elementor-element-b564094\" data-id=\"b564094\" data-element_type=\"column\" data-e-type=\"column\">\n\t\t\t<div class=\"elementor-widget-wrap elementor-element-populated\">\n\t\t\t\t\t\t<div class=\"elementor-element elementor-element-c98641e elementor-widget elementor-widget-text-editor\" data-id=\"c98641e\" data-element_type=\"widget\" data-e-type=\"widget\" data-widget_type=\"text-editor.default\">\n\t\t\t\t<div class=\"elementor-widget-container\">\n\t\t\t\t\t\t\t\t\t<pre><strong>Lograr la satisfacci\u00f3n total de nuestros clientes y hacer de sus vacaciones una experiencia agradable, con personal de atenci\u00f3n c\u00e1lido, capacitado y amable.<\/strong><\/pre>\t\t\t\t\t\t\t\t<\/div>\n\t\t\t\t<\/div>\n\t\t\t\t\t<\/div>\n\t\t<\/div>\n\t\t\t\t\t<\/div>\n\t\t<\/section>\n\t\t\t\t<section class=\"elementor-section elementor-top-section elementor-element elementor-element-68f0542 elementor-section-boxed elementor-section-height-default elementor-section-height-default\" data-id=\"68f0542\" data-element_type=\"section\" data-e-type=\"section\">\n\t\t\t\t\t\t<div class=\"elementor-container elementor-column-gap-default\">\n\t\t\t\t\t<div class=\"elementor-column elementor-col-100 elementor-top-column elementor-element elementor-element-ac597a1\" data-id=\"ac597a1\" data-element_type=\"column\" data-e-type=\"column\">\n\t\t\t<div class=\"elementor-widget-wrap elementor-element-populated\">\n\t\t\t\t\t\t<div class=\"elementor-element elementor-element-259e6dc elementor-widget elementor-widget-image\" data-id=\"259e6dc\" data-element_type=\"widget\" data-e-type=\"widget\" data-widget_type=\"image.default\">\n\t\t\t\t<div class=\"elementor-widget-container\">\n\t\t\t\t\t\t\t\t\t\t\t\t\t\t\t<img decoding=\"async\" width=\"626\" height=\"417\" src=\"https:\/\/selvazul.com.co\/wp-content\/uploads\/2021\/11\/mision.jpg\" class=\"attachment-large size-large wp-image-506\" alt=\"\" srcset=\"https:\/\/selvazul.com.co\/wp-content\/uploads\/2021\/11\/mision.jpg 626w, https:\/\/selvazul.com.co\/wp-content\/uploads\/2021\/11\/mision-600x400.jpg 600w, https:\/\/selvazul.com.co\/wp-content\/uploads\/2021\/11\/mision-300x200.jpg 300w\" sizes=\"(max-width: 626px) 100vw, 626px\" \/>\t\t\t\t\t\t\t\t\t\t\t\t\t\t\t<\/div>\n\t\t\t\t<\/div>\n\t\t\t\t\t<\/div>\n\t\t<\/div>\n\t\t\t\t\t<\/div>\n\t\t<\/section>\n\t\t\t\t<\/div>\n\t\t","protected":false},"excerpt":{"rendered":"<p>Lograr la satisfacci&oacute;n total de nuestros clientes y hacer de sus vacaciones una experiencia agradable, con personal de atenci&oacute;n c&aacute;lido, capacitado y amable.<\/p>\n","protected":false},"author":1,"featured_media":0,"parent":0,"menu_order":0,"comment_status":"closed","ping_status":"closed","template":"","meta":{"footnotes":""},"class_list":["post-485","page","type-page","status-publish","hentry"],"_links":{"self":[{"href":"https:\/\/selvazul.com.co\/index.php\/wp-json\/wp\/v2\/pages\/485","targetHints":{"allow":["GET"]}}],"collection":[{"href":"https:\/\/selvazul.com.co\/index.php\/wp-json\/wp\/v2\/pages"}],"about":[{"href":"https:\/\/selvazul.com.co\/index.php\/wp-json\/wp\/v2\/types\/page"}],"author":[{"embeddable":true,"href":"https:\/\/selvazul.com.co\/index.php\/wp-json\/wp\/v2\/users\/1"}],"replies":[{"embeddable":true,"href":"https:\/\/selvazul.com.co\/index.php\/wp-json\/wp\/v2\/comments?post=485"}],"version-history":[{"count":86,"href":"https:\/\/selvazul.com.co\/index.php\/wp-json\/wp\/v2\/pages\/485\/revisions"}],"predecessor-version":[{"id":4036,"href":"https:\/\/selvazul.com.co\/index.php\/wp-json\/wp\/v2\/pages\/485\/revisions\/4036"}],"wp:attachment":[{"href":"https:\/\/selvazul.com.co\/index.php\/wp-json\/wp\/v2\/media?parent=485"}],"curies":[{"name":"wp","href":"https:\/\/api.w.org\/{rel}","templated":true}]}}